{"id":414,"date":"2015-02-02T08:14:41","date_gmt":"2015-02-02T06:14:41","guid":{"rendered":"http:\/\/avatara-healing.com\/?page_id=414"},"modified":"2021-02-03T12:59:44","modified_gmt":"2021-02-03T10:59:44","slug":"heilkarten","status":"publish","type":"page","link":"https:\/\/avatara-healing.com\/es\/geistige-heilweisen\/heilkarten\/","title":{"rendered":"Las Cartas Curativas"},"content":{"rendered":"<div class=\"wp-block-image\"><figure class=\"aligncenter\"><img loading=\"lazy\" decoding=\"async\" width=\"1400\" height=\"300\" src=\"https:\/\/avatara-healing.com\/wp-content\/uploads\/2019\/11\/Heilkarten_header.jpg\" alt=\"\" class=\"wp-image-2325\" srcset=\"https:\/\/avatara-healing.com\/wp-content\/uploads\/2019\/11\/Heilkarten_header.jpg 1400w, https:\/\/avatara-healing.com\/wp-content\/uploads\/2019\/11\/Heilkarten_header-300x64.jpg 300w, https:\/\/avatara-healing.com\/wp-content\/uploads\/2019\/11\/Heilkarten_header-768x165.jpg 768w, https:\/\/avatara-healing.com\/wp-content\/uploads\/2019\/11\/Heilkarten_header-1024x219.jpg 1024w\" sizes=\"auto, (max-width: 1400px) 100vw, 1400px\" \/><\/figure><\/div>\n\n\n\n<p><\/p>\n\n\n\n<h2 class=\"has-text-align-center wp-block-heading\"> Las cartas curativas son cartas energ\u00e9ticas que se pueden<br> utilizar para la meditaci\u00f3n o tambi\u00e9n para la autocuraci\u00f3n.<\/h2>\n\n\n\n<div class=\"wp-block-columns has-2-columns is-layout-flex wp-container-core-columns-is-layout-9d6595d7 wp-block-columns-is-layout-flex\">\n<div class=\"wp-block-column is-layout-flow wp-block-column-is-layout-flow\">\n<figure class=\"wp-block-image\"><img loading=\"lazy\" decoding=\"async\" width=\"800\" height=\"534\" src=\"https:\/\/avatara-healing.com\/wp-content\/uploads\/2019\/11\/Heilkarten_01.jpg\" alt=\"\" class=\"wp-image-2329\" srcset=\"https:\/\/avatara-healing.com\/wp-content\/uploads\/2019\/11\/Heilkarten_01.jpg 800w, https:\/\/avatara-healing.com\/wp-content\/uploads\/2019\/11\/Heilkarten_01-300x200.jpg 300w, https:\/\/avatara-healing.com\/wp-content\/uploads\/2019\/11\/Heilkarten_01-768x513.jpg 768w\" sizes=\"auto, (max-width: 800px) 100vw, 800px\" \/><\/figure>\n<\/div>\n\n\n\n<div class=\"wp-block-column is-layout-flow wp-block-column-is-layout-flow\">\n<div class=\"wp-block-image\"><figure class=\"aligncenter\"><img loading=\"lazy\" decoding=\"async\" width=\"200\" height=\"1\" src=\"https:\/\/avatara-healing.com\/wp-content\/uploads\/2019\/11\/200_violett.jpg\" alt=\"\" class=\"wp-image-2049\" srcset=\"https:\/\/avatara-healing.com\/wp-content\/uploads\/2019\/11\/200_violett.jpg 200w, https:\/\/avatara-healing.com\/wp-content\/uploads\/2019\/11\/200_violett-150x1.jpg 150w\" sizes=\"auto, (max-width: 200px) 100vw, 200px\" \/><\/figure><\/div>\n\n\n\n<p> Podemos colocar las cartas sobre nuestro cuerpo, aunque su energ\u00eda tambi\u00e9n puede absorberse con la sola contemplaci\u00f3n visual. O simplemente podemos mantener la carta entre nuestras manos y notar como empieza a actuar cuando nuestro alma se halle en resonancia con la luz de la ayuda curativa.\n\n\n\nLas cartas se han desarrollado tambi\u00e9n para colocar alimentos o agua encima de ellas para poder programarlas. As\u00ed el cliente puede \u201econsumir\u201c la informaci\u00f3n curativa a trav\u00e9s de alimentos o agua y de esta forma \u00abinformarse y reprogramarse para la curaci\u00f3n.\u201c\n<\/div>\n<\/div>\n\n\n\n<hr class=\"wp-block-separator\"\/>\n\n\n\n<div class=\"wp-block-columns has-2-columns is-layout-flex wp-container-core-columns-is-layout-9d6595d7 wp-block-columns-is-layout-flex\">\n<div class=\"wp-block-column is-layout-flow wp-block-column-is-layout-flow\">\n<div class=\"wp-block-image\"><figure class=\"aligncenter\"><img loading=\"lazy\" decoding=\"async\" width=\"200\" height=\"1\" src=\"https:\/\/avatara-healing.com\/wp-content\/uploads\/2019\/11\/200_violett.jpg\" alt=\"\" class=\"wp-image-2049\" srcset=\"https:\/\/avatara-healing.com\/wp-content\/uploads\/2019\/11\/200_violett.jpg 200w, https:\/\/avatara-healing.com\/wp-content\/uploads\/2019\/11\/200_violett-150x1.jpg 150w\" sizes=\"auto, (max-width: 200px) 100vw, 200px\" \/><\/figure><\/div>\n\n\n\nHemos desarrollado varias cartas que pueden tratar temas espec\u00edficos. Con ellas se tratan y apoyan esos temas de forma directa, se estimula de nuevo la vitalidad y se reducen los s\u00edntomas.\n\n\n\nCon la programaci\u00f3n de las cartas curativas se restablece el contacto con el poder curativo y la ayuda espiritual de la carta conlleva una transformaci\u00f3n, renovaci\u00f3n y restablecimiento del alma, del cuerpo y de las c\u00e9lulas.\n\n\n\n<h6 class=\"wp-block-heading\">\u201eAl igual que en una llave la clave de su funcionamiento est\u00e1 en su forma, estas tarjetas pre-programadas son la clave al portal del alma. El alma reconoce los poderes de la creaci\u00f3n tal y como se expresan a trav\u00e9s de la carta\u201c (Alexander Toskar)<\/h6>\n\n\n\nSe pueden comprar cartas individuales o todo un paquete. Desarrollado y programado por Lutz und Bettina Meyer.\n<\/div>\n\n\n\n<div class=\"wp-block-column is-layout-flow wp-block-column-is-layout-flow\">\n<figure class=\"wp-block-image\"><img loading=\"lazy\" decoding=\"async\" width=\"800\" height=\"533\" src=\"https:\/\/avatara-healing.com\/wp-content\/uploads\/2019\/11\/Heilkarten_02.jpg\" alt=\"\" class=\"wp-image-2341\" srcset=\"https:\/\/avatara-healing.com\/wp-content\/uploads\/2019\/11\/Heilkarten_02.jpg 800w, https:\/\/avatara-healing.com\/wp-content\/uploads\/2019\/11\/Heilkarten_02-300x200.jpg 300w, https:\/\/avatara-healing.com\/wp-content\/uploads\/2019\/11\/Heilkarten_02-768x512.jpg 768w\" sizes=\"auto, (max-width: 800px) 100vw, 800px\" \/><\/figure>\n<\/div>\n<\/div>\n\n\n\n<style id=\"bwg-style-0\">    #bwg_container1_0 #bwg_container2_0 .bwg-container-0.bwg-standard-thumbnails {      width: 1254px;              justify-content: center;        margin:0 auto !important;              background-color: rgba(255, 255, 255, 0.00);            padding-left: 4px;      padding-top: 4px;      max-width: 100%;            }        #bwg_container1_0 #bwg_container2_0 .bwg-container-0.bwg-standard-thumbnails .bwg-item {    justify-content: flex-start;      max-width: 250px;          }    #bwg_container1_0 #bwg_container2_0 .bwg-container-0.bwg-standard-thumbnails .bwg-item a {       margin-right: 4px;       margin-bottom: 4px;    }    #bwg_container1_0 #bwg_container2_0 .bwg-container-0.bwg-standard-thumbnails .bwg-item0 {      padding: 0px;            background-color:rgba(0,0,0, 0.30);      border: 0px none #CCCCCC;      opacity: 1.00;      border-radius: 0;      box-shadow: ;    }    #bwg_container1_0 #bwg_container2_0 .bwg-container-0.bwg-standard-thumbnails .bwg-item1 img {      max-height: none;      max-width: none;      padding: 0 !important;    }         @media only screen and (min-width: 480px) {\t\t#bwg_container1_0 #bwg_container2_0 .bwg-container-0.bwg-standard-thumbnails .bwg-item1 img {\t\t\t-webkit-transition: all .3s; transition: all .3s;\t\t}\t\t#bwg_container1_0 #bwg_container2_0 .bwg-container-0.bwg-standard-thumbnails .bwg-item1 img:hover {\t\t\t-ms-transform: scale(1.08);\t\t\t-webkit-transform: scale(1.08);\t\t\ttransform: scale(1.08);\t\t}\t\t\t\t.bwg-standard-thumbnails .bwg-zoom-effect .bwg-zoom-effect-overlay {\t\t\t\t\t\tbackground-color:rgba(0,0,0, 0.3);\t\t}\t\t.bwg-standard-thumbnails .bwg-zoom-effect:hover img {\t\t\t-ms-transform: scale(1.08);\t\t\t-webkit-transform: scale(1.08);\t\t\ttransform: scale(1.08);\t\t}\t\t      }\t    #bwg_container1_0 #bwg_container2_0 .bwg-container-0.bwg-standard-thumbnails .bwg-item1 {      padding-top: 56%;    }        #bwg_container1_0 #bwg_container2_0 .bwg-container-0.bwg-standard-thumbnails .bwg-title1 {      position: absolute;      top: 0;      z-index: 100;      width: 100%;      height: 100%;      display: flex;      justify-content: center;      align-content: center;      flex-direction: column;      opacity: 0;    }\t      #bwg_container1_0 #bwg_container2_0 .bwg-container-0.bwg-standard-thumbnails .bwg-title2,    #bwg_container1_0 #bwg_container2_0 .bwg-container-0.bwg-standard-thumbnails .bwg-ecommerce2 {      color: #FFFFFF;      font-family: Ubuntu;      font-size: 16px;      font-weight: bold;      padding: 2px;      text-shadow: ;      max-height: 100%;    }    #bwg_container1_0 #bwg_container2_0 .bwg-container-0.bwg-standard-thumbnails .bwg-thumb-description span {    color: #323A45;    font-family: Ubuntu;    font-size: 12px;    max-height: 100%;    word-wrap: break-word;    }    #bwg_container1_0 #bwg_container2_0 .bwg-container-0.bwg-standard-thumbnails .bwg-play-icon2 {      font-size: 32px;    }    #bwg_container1_0 #bwg_container2_0 .bwg-container-0.bwg-standard-thumbnails .bwg-ecommerce2 {      font-size: 19.2px;      color: #323A45;    }    <\/style>    <div id=\"bwg_container1_0\"         class=\"bwg_container bwg_thumbnail bwg_thumbnails \"         data-right-click-protection=\"0\"         data-bwg=\"0\"         data-scroll=\"0\"         data-gallery-type=\"thumbnails\"         data-gallery-view-type=\"thumbnails\"         data-current-url=\"\/es\/wp-json\/wp\/v2\/pages\/414\"         data-lightbox-url=\"https:\/\/avatara-healing.com\/wp-admin\/admin-ajax.php?action=GalleryBox&#038;current_view=0&#038;gallery_id=12&#038;tag=0&#038;theme_id=1&#038;shortcode_id=27&#038;sort_by=order&#038;order_by=asc&#038;current_url=%2Fes%2Fwp-json%2Fwp%2Fv2%2Fpages%2F414\"         data-gallery-id=\"12\"         data-popup-width=\"800\"         data-popup-height=\"500\"         data-is-album=\"gallery\"         data-buttons-position=\"bottom\">      <div id=\"bwg_container2_0\">             <div id=\"ajax_loading_0\" class=\"bwg_loading_div_1\">      <div class=\"bwg_loading_div_2\">        <div class=\"bwg_loading_div_3\">          <div id=\"loading_div_0\" class=\"bwg_spider_ajax_loading\">          <\/div>        <\/div>      <\/div>    <\/div>            <form id=\"gal_front_form_0\"              class=\"bwg-hidden\"              method=\"post\"              action=\"#\"              data-current=\"0\"              data-shortcode-id=\"27\"              data-gallery-type=\"thumbnails\"              data-gallery-id=\"12\"              data-tag=\"0\"              data-album-id=\"0\"              data-theme-id=\"1\"              data-ajax-url=\"https:\/\/avatara-healing.com\/wp-admin\/admin-ajax.php?action=bwg_frontend_data\">          <div id=\"bwg_container3_0\" class=\"bwg-background bwg-background-0\">                <div data-max-count=\"5\"         data-thumbnail-width=\"250\"         data-bwg=\"0\"         data-gallery-id=\"12\"         data-lightbox-url=\"https:\/\/avatara-healing.com\/wp-admin\/admin-ajax.php?action=GalleryBox&amp;current_view=0&amp;gallery_id=12&amp;tag=0&amp;theme_id=1&amp;shortcode_id=27&amp;sort_by=order&amp;order_by=asc&amp;current_url=%2Fes%2Fwp-json%2Fwp%2Fv2%2Fpages%2F414\"         id=\"bwg_thumbnails_0\"         class=\"bwg-container-0 bwg-thumbnails bwg-standard-thumbnails bwg-container bwg-border-box\">            <div class=\"bwg-item\">        <a class=\"bwg-a  bwg_lightbox\"  data-image-id=\"97\" href=\"https:\/\/avatara-healing.com\/wp-content\/uploads\/photo-gallery\/Heilkarten_04.jpg?bwg=1574006802\" data-elementor-open-lightbox=\"no\">                <div class=\"bwg-item0 \">          <div class=\"bwg-item1 bwg-zoom-effect\">            <div class=\"bwg-item2\">              <img decoding=\"async\" class=\"skip-lazy bwg_standart_thumb_img_0 \"                   data-id=\"97\"                   data-width=\"323\"                   data-height=\"500\"                   data-src=\"https:\/\/avatara-healing.com\/wp-content\/uploads\/photo-gallery\/thumb\/Heilkarten_04.jpg?bwg=1574006802\"                   src=\"https:\/\/avatara-healing.com\/wp-content\/uploads\/photo-gallery\/thumb\/Heilkarten_04.jpg?bwg=1574006802\"                   alt=\"Heilkarten\"                   title=\"Heilkarten\" \/>            <\/div>            <div class=\"bwg-zoom-effect-overlay\">              <div class=\"bwg-title1\"><div class=\"bwg-title2\">Heilkarten<\/div><\/div>                                        <\/div>          <\/div>        <\/div>                        <\/a>              <\/div>            <div class=\"bwg-item\">        <a class=\"bwg-a  bwg_lightbox\"  data-image-id=\"96\" href=\"https:\/\/avatara-healing.com\/wp-content\/uploads\/photo-gallery\/Heilkarten_03.jpg?bwg=1574006802\" data-elementor-open-lightbox=\"no\">                <div class=\"bwg-item0 \">          <div class=\"bwg-item1 bwg-zoom-effect\">            <div class=\"bwg-item2\">              <img decoding=\"async\" class=\"skip-lazy bwg_standart_thumb_img_0 \"                   data-id=\"96\"                   data-width=\"323\"                   data-height=\"500\"                   data-src=\"https:\/\/avatara-healing.com\/wp-content\/uploads\/photo-gallery\/thumb\/Heilkarten_03.jpg?bwg=1574006802\"                   src=\"https:\/\/avatara-healing.com\/wp-content\/uploads\/photo-gallery\/thumb\/Heilkarten_03.jpg?bwg=1574006802\"                   alt=\"Heilkarten\"                   title=\"Heilkarten\" \/>            <\/div>            <div class=\"bwg-zoom-effect-overlay\">              <div class=\"bwg-title1\"><div class=\"bwg-title2\">Heilkarten<\/div><\/div>                                        <\/div>          <\/div>        <\/div>                        <\/a>              <\/div>            <div class=\"bwg-item\">        <a class=\"bwg-a  bwg_lightbox\"  data-image-id=\"95\" href=\"https:\/\/avatara-healing.com\/wp-content\/uploads\/photo-gallery\/Heilkarten_02.jpg?bwg=1574006802\" data-elementor-open-lightbox=\"no\">                <div class=\"bwg-item0 \">          <div class=\"bwg-item1 bwg-zoom-effect\">            <div class=\"bwg-item2\">              <img decoding=\"async\" class=\"skip-lazy bwg_standart_thumb_img_0 \"                   data-id=\"95\"                   data-width=\"500\"                   data-height=\"333\"                   data-src=\"https:\/\/avatara-healing.com\/wp-content\/uploads\/photo-gallery\/thumb\/Heilkarten_02.jpg?bwg=1574006802\"                   src=\"https:\/\/avatara-healing.com\/wp-content\/uploads\/photo-gallery\/thumb\/Heilkarten_02.jpg?bwg=1574006802\"                   alt=\"Heilkarten\"                   title=\"Heilkarten\" \/>            <\/div>            <div class=\"bwg-zoom-effect-overlay\">              <div class=\"bwg-title1\"><div class=\"bwg-title2\">Heilkarten<\/div><\/div>                                        <\/div>          <\/div>        <\/div>                        <\/a>              <\/div>            <div class=\"bwg-item\">        <a class=\"bwg-a  bwg_lightbox\"  data-image-id=\"94\" href=\"https:\/\/avatara-healing.com\/wp-content\/uploads\/photo-gallery\/Heilkarten_01.jpg?bwg=1574006802\" data-elementor-open-lightbox=\"no\">                <div class=\"bwg-item0 \">          <div class=\"bwg-item1 bwg-zoom-effect\">            <div class=\"bwg-item2\">              <img decoding=\"async\" class=\"skip-lazy bwg_standart_thumb_img_0 \"                   data-id=\"94\"                   data-width=\"500\"                   data-height=\"334\"                   data-src=\"https:\/\/avatara-healing.com\/wp-content\/uploads\/photo-gallery\/thumb\/Heilkarten_01.jpg?bwg=1574006802\"                   src=\"https:\/\/avatara-healing.com\/wp-content\/uploads\/photo-gallery\/thumb\/Heilkarten_01.jpg?bwg=1574006802\"                   alt=\"Heilkarten\"                   title=\"Heilkarten\" \/>            <\/div>            <div class=\"bwg-zoom-effect-overlay\">              <div class=\"bwg-title1\"><div class=\"bwg-title2\">Heilkarten<\/div><\/div>                                        <\/div>          <\/div>        <\/div>                        <\/a>              <\/div>            <div class=\"bwg-item\">        <a class=\"bwg-a  bwg_lightbox\"  data-image-id=\"93\" href=\"https:\/\/avatara-healing.com\/wp-content\/uploads\/photo-gallery\/Heilkarten_06.jpg?bwg=1574006802\" data-elementor-open-lightbox=\"no\">                <div class=\"bwg-item0 \">          <div class=\"bwg-item1 bwg-zoom-effect\">            <div class=\"bwg-item2\">              <img decoding=\"async\" class=\"skip-lazy bwg_standart_thumb_img_0 \"                   data-id=\"93\"                   data-width=\"500\"                   data-height=\"333\"                   data-src=\"https:\/\/avatara-healing.com\/wp-content\/uploads\/photo-gallery\/thumb\/Heilkarten_06.jpg?bwg=1574006802\"                   src=\"https:\/\/avatara-healing.com\/wp-content\/uploads\/photo-gallery\/thumb\/Heilkarten_06.jpg?bwg=1574006802\"                   alt=\"Heilkarten\"                   title=\"Heilkarten\" \/>            <\/div>            <div class=\"bwg-zoom-effect-overlay\">              <div class=\"bwg-title1\"><div class=\"bwg-title2\">Heilkarten<\/div><\/div>                                        <\/div>          <\/div>        <\/div>                        <\/a>              <\/div>          <\/div>    <style>      \/*pagination styles*\/      #bwg_container1_0 #bwg_container2_0 .tablenav-pages_0 {\t\t\t\ttext-align: center;\t\t\t\tfont-size: 12px;\t\t\t\tfont-family: Ubuntu;\t\t\t\tfont-weight: bold;\t\t\t\tcolor: #666666;\t\t\t\tmargin: 6px 0 4px;\t\t\t\tdisplay: block;      }      @media only screen and (max-width : 320px) {      #bwg_container1_0 #bwg_container2_0 .displaying-num_0 {     \t display: none;      }      }      #bwg_container1_0 #bwg_container2_0 .displaying-num_0 {\t\t\t\tfont-size: 12px;\t\t\t\tfont-family: Ubuntu;\t\t\t\tfont-weight: bold;\t\t\t\tcolor: #666666;\t\t\t\tmargin-right: 10px;\t\t\t\tvertical-align: middle;      }      #bwg_container1_0 #bwg_container2_0 .paging-input_0 {\t\t\t\tfont-size: 12px;\t\t\t\tfont-family: Ubuntu;\t\t\t\tfont-weight: bold;\t\t\t\tcolor: #666666;\t\t\t\tvertical-align: middle;      }      #bwg_container1_0 #bwg_container2_0 .tablenav-pages_0 a.disabled,      #bwg_container1_0 #bwg_container2_0 .tablenav-pages_0 a.disabled:hover,      #bwg_container1_0 #bwg_container2_0 .tablenav-pages_0 a.disabled:focus,\t\t\t#bwg_container1_0 #bwg_container2_0 .tablenav-pages_0 input.bwg_current_page {\t\t\t\tcursor: default;\t\t\t\tcolor: rgba(102, 102, 102, 0.5);      }      #bwg_container1_0 #bwg_container2_0 .tablenav-pages_0 a,      #bwg_container1_0 #bwg_container2_0 .tablenav-pages_0 input.bwg_current_page {\t\t\t\tcursor: pointer;\t\t\t\ttext-align: center;\t\t\t\tfont-size: 12px;\t\t\t\tfont-family: Ubuntu;\t\t\t\tfont-weight: bold;\t\t\t\tcolor: #666666;\t\t\t\ttext-decoration: none;\t\t\t\tpadding: 3px 6px;\t\t\t\tmargin: 0;\t\t\t\tborder-radius: 0;\t\t\t\tborder-style: solid;\t\t\t\tborder-width: 1px;\t\t\t\tborder-color: #E3E3E3;\t\t\t\t\t\t\t\tbackground-color: rgba(255, 255, 255, 1.00);\t\t\t\tbox-shadow: 0;\t\t\t\ttransition: all 0.3s ease 0s;-webkit-transition: all 0.3s ease 0s;      }      <\/style>      <span class=\"bwg_nav_cont_0\">              <div class=\"tablenav-pages_0\">                  <\/div>                <input type=\"hidden\" id=\"page_number_0\" name=\"page_number_0\" value=\"1\" \/>      <script type=\"text\/javascript\">        if( jQuery('.bwg_nav_cont_0').length > 1 ) {          jQuery('.bwg_nav_cont_0').first().remove()        }        function spider_page_0(cur, x, y, load_more) {          if (typeof load_more == \"undefined\") {            var load_more = false;          }          if (jQuery(cur).hasClass('disabled')) {            return false;          }          var items_county_0 = 1;          switch (y) {            case 1:              if (x >= items_county_0) {                document.getElementById('page_number_0').value = items_county_0;              }              else {                document.getElementById('page_number_0').value = x + 1;              }              break;            case 2:              document.getElementById('page_number_0').value = items_county_0;              break;            case -1:              if (x == 1) {                document.getElementById('page_number_0').value = 1;              }              else {                document.getElementById('page_number_0').value = x - 1;              }              break;            case -2:              document.getElementById('page_number_0').value = 1;              break;\t\t\t\t\t\tcase 0:              document.getElementById('page_number_0').value = x;              break;            default:              document.getElementById('page_number_0').value = 1;          }          bwg_ajax('gal_front_form_0', '0', 'bwg_thumbnails_0', '0', '', 'gallery', 0, '', '', load_more, '', 1);        }                    jQuery('.first-page-0').on('click', function () {              spider_page_0(this, 1, -2, 'numeric');              return false;            });            jQuery('.prev-page-0').on('click', function () {              spider_page_0(this, 1, -1, 'numeric');              return false;            });            jQuery('.next-page-0').on('click', function () {              spider_page_0(this, 1, 1, 'numeric');              return false;            });            jQuery('.last-page-0').on('click', function () {              spider_page_0(this, 1, 2, 'numeric');              return false;            });        \t\t\t\t\/* Change page on input enter. *\/        function bwg_change_page_0( e, that ) {          if (  e.key == 'Enter' ) {            var to_page = parseInt(jQuery(that).val());            var pages_count = jQuery(that).parents(\".pagination-links\").data(\"pages-count\");            var current_url_param = jQuery(that).attr('data-url-info');            if (to_page > pages_count) {              to_page = 1;            }\t \t\t\t\t\t\t\t\t\t\t\t\tspider_page_0(this, to_page, 0, 'numeric');\t\t\t\t\t\t\treturn false;\t\t\t\t\t\t          }          return true;        }        jQuery('.bwg_load_btn_0').on('click', function () {            spider_page_0(this, 1, 1, true);            return false;        });      <\/script>      <\/span>                <\/div>        <\/form>        <style>          #bwg_container1_0 #bwg_container2_0 #spider_popup_overlay_0 {          background-color: #EEEEEE;          opacity: 0.60;          }          <\/style>        <div id=\"bwg_spider_popup_loading_0\" class=\"bwg_spider_popup_loading\"><\/div>        <div id=\"spider_popup_overlay_0\" class=\"spider_popup_overlay\" onclick=\"spider_destroypopup(1000)\"><\/div>        <input type=\"hidden\" id=\"bwg_random_seed_0\" value=\"665796183\">                <\/div>    <\/div>    <script>      if (document.readyState === 'complete') {        if( typeof bwg_main_ready == 'function' ) {          if ( jQuery(\"#bwg_container1_0\").height() ) {            bwg_main_ready(jQuery(\"#bwg_container1_0\"));          }        }      } else {        document.addEventListener('DOMContentLoaded', function() {          if( typeof bwg_main_ready == 'function' ) {            if ( jQuery(\"#bwg_container1_0\").height() ) {             bwg_main_ready(jQuery(\"#bwg_container1_0\"));            }          }        });      }    <\/script>    \n\n\n\n<div style=\"height:24px\" aria-hidden=\"true\" class=\"wp-block-spacer\"><\/div>\n\n\n\n<hr class=\"wp-block-separator\"\/>\n\n\n\n<div class=\"wp-block-columns has-3-columns is-layout-flex wp-container-core-columns-is-layout-9d6595d7 wp-block-columns-is-layout-flex\">\n<div class=\"wp-block-column is-layout-flow wp-block-column-is-layout-flow\">\n<figure class=\"wp-block-image is-resized\"><img loading=\"lazy\" decoding=\"async\" src=\"http:\/\/avatara-healing.com\/wp-content\/uploads\/2015\/02\/bild-kl-26.png\" alt=\"\" class=\"wp-image-868\" width=\"289\" height=\"182\"\/><\/figure>\n<\/div>\n\n\n\n<div class=\"wp-block-column is-layout-flow wp-block-column-is-layout-flow\">\n<h6 class=\"wp-block-heading\">Rezession Susan-Katrin R. <\/h6>\n\n\n\nMis experiencias con las cartas de curaci\u00f3n son tan variadas como las propias cartas.La primera carta me la dieron cuando me encontraba en un baj\u00f3n emocional. Simbolizaba la imagen de la seguridad y el calor. El mensaje de la imagen lo asum\u00ed en mi interior y me di\u00f3 exactamente ese mensaje de confiar en la seguridad y el calor.\n\n\n\n<p><\/p>\n<\/div>\n\n\n\n<div class=\"wp-block-column is-layout-flow wp-block-column-is-layout-flow\">\nHoy, tras tres meses, me encuentro mucho mejor, ya que recib\u00ed esos  sentimientos tambi\u00e9n de otras personas. La carta neutralizadora fue muy  \u00fatil, ya que los medicamentos colocados encima han realizado su funci\u00f3n y  todo ello con menos efectos secundario de los que sol\u00eda tener cuando  tomaba antibi\u00f3ticos. <\/p>\n\n\n\nYa no puedo prescindir de estas cartas.   <\/p>\n<\/div>\n<\/div>","protected":false},"excerpt":{"rendered":"<p>Las cartas curativas son cartas energ\u00e9ticas que se pueden utilizar para la meditaci\u00f3n o tambi\u00e9n para la autocuraci\u00f3n. Podemos colocar las cartas sobre nuestro cuerpo, aunque su energ\u00eda tambi\u00e9n puede absorberse con la sola contemplaci\u00f3n visual. O simplemente podemos mantener la carta entre nuestras manos y notar como empieza a actuar cuando nuestro alma se [&hellip;]<\/p>\n","protected":false},"author":6,"featured_media":0,"parent":221,"menu_order":8,"comment_status":"closed","ping_status":"open","template":"templates\/template-page-full-width.php","meta":{"footnotes":""},"class_list":["post-414","page","type-page","status-publish","hentry"],"_links":{"self":[{"href":"https:\/\/avatara-healing.com\/es\/wp-json\/wp\/v2\/pages\/414","targetHints":{"allow":["GET"]}}],"collection":[{"href":"https:\/\/avatara-healing.com\/es\/wp-json\/wp\/v2\/pages"}],"about":[{"href":"https:\/\/avatara-healing.com\/es\/wp-json\/wp\/v2\/types\/page"}],"author":[{"embeddable":true,"href":"https:\/\/avatara-healing.com\/es\/wp-json\/wp\/v2\/users\/6"}],"replies":[{"embeddable":true,"href":"https:\/\/avatara-healing.com\/es\/wp-json\/wp\/v2\/comments?post=414"}],"version-history":[{"count":61,"href":"https:\/\/avatara-healing.com\/es\/wp-json\/wp\/v2\/pages\/414\/revisions"}],"predecessor-version":[{"id":2731,"href":"https:\/\/avatara-healing.com\/es\/wp-json\/wp\/v2\/pages\/414\/revisions\/2731"}],"up":[{"embeddable":true,"href":"https:\/\/avatara-healing.com\/es\/wp-json\/wp\/v2\/pages\/221"}],"wp:attachment":[{"href":"https:\/\/avatara-healing.com\/es\/wp-json\/wp\/v2\/media?parent=414"}],"curies":[{"name":"wp","href":"https:\/\/api.w.org\/{rel}","templated":true}]}}