{"id":1953,"date":"2019-11-04T20:44:56","date_gmt":"2019-11-04T18:44:56","guid":{"rendered":"https:\/\/avatara-healing.com\/?page_id=1953"},"modified":"2021-02-03T12:45:06","modified_gmt":"2021-02-03T10:45:06","slug":"agbs","status":"publish","type":"page","link":"https:\/\/avatara-healing.com\/es\/agbs\/","title":{"rendered":"AGB&#8217;s"},"content":{"rendered":"\n<p>Ein Beratungs- oder Behandlungstermin dauert durchschnittlich 60 Min.<br>Beratung und Behandlung in Kombination ca. 90 Min.<br>Die 1. Stunde wird voll und jeder weitere Zeitaufwand anteilm\u00e4ssig berechnet. Es gilt die Barzahlung am vereinbarten Termin.<br>Telefonische Beratungen | Fernbehandlung: Vorauskasse.<br>Sobald die \u00dcberweisung auf unserem Konto oder per Post eingegangen ist, vereinbaren wir den Termin.<br>Bankverbindung (\u00fcber Mail) f\u00fcr die Vorab-\u00dcberweisung bitte anfordern.<br>Erscheinen Sie bitte p\u00fcnktlich zu ihrem Termin.<br>Im Verhinderungsfall wird die rechtzeitige Terminabsage \u00fcber Telefon +34 626331261verlangt, mindestens 24h im Voraus. Bei Fernbleiben ohne rechtzeitige Abmeldung wird der volle Stundentarif verrechnet. Versicherung ist Sache des Klienten.<\/p>\n\n\n\n<p><strong>Bitte beachten<br><\/strong>Geht es bei ihrem Anliegen nicht nur um Sie und sind weitere Personen oder Familienmitglieder in das Thema involviert, dann bringen Sie bitte<br>nach M\u00f6glichkeit deren Geburtsdaten zu ihre Privat-Sitzungstermin mit.<br>Kommen Sie mit entspannter Offenheit, ohne ganz bestimmte Erwartungen, zum Termin. Aus Erfahrung hat dies einen positiven Einfluss<br>auf das Resultat der Sitzung. Schenken Sie sich Freiraum f\u00fcr die pers\u00f6nliche Entwicklung: Sich selber Zeit zu geben und sich selber Zeit zu nehmen ist ein wichtiger Schritt in die Eigenverantwortung.<\/p>\n\n\n\n<p> <strong>Weiteres<\/strong><br>In der aktuellen Zeit gibt es immer mehr Gr\u00fcnde, den Rat und die Hilfe<br>eines Geistigen Heilers beizuziehen.  Deren Naturheilmethoden gelten seit Urzeiten als wirksame Alternative oder als Erg\u00e4nzung zur Schulmedizin.<br>Leider ist dieses Angebot noch nicht von den Krankenkassen anerkannt.<br>Oft gen\u00fcgt jedoch schon eine Sitzung, um einen grossen Schritt weiter zu kommen und den Weg zur Heilung zu er\u00f6ffnen.  Ziel dieser ganzheitlichen Heilverfahren ist es, die Ursache von  k\u00f6rperlichen oder seelischen Beschwerden zu l\u00f6sen. Die Bezeichnung  \u00abganzheitlich\u00bb steht stellvertretend f\u00fcr die gesamte Einheit von K\u00f6rper,  Herz, Seele und Geist.<\/p>\n\n\n\n<p><strong>Schutz der Privat- und Intimsph\u00e4re der Klienten<br><\/strong>Als Geistige Heiler unterliegen wir der Schweigepflicht. Vertrauen ist eine wichtige Basis und Teil von einer erfolgreichen Behandlung. Sollten Sie<br>einer Drittperson Einblick in Ihre gesundheitliche Entwicklung gew\u00e4hren wollen, so bitten wir um eine schriftliche Best\u00e4tigung. Danke f\u00fcr das Vertrauen. Wir freuen uns auf Sie. Lutz Meyer und Bettina Josten, Avatara-Healing<\/p>\n\n\n\n<p><strong>Information<\/strong><br>Alternative Ganzheitliche Behandlungsmethoden aktivieren, st\u00e4rken und unterst\u00fctzen die Selbstheilungskr\u00e4fte Ihres K\u00f6rpers. Sie f\u00fchren somit zu<br>mehr Wohlbefinden und Lebensqualit\u00e4t.  Alternative Ganzheitliche Behandlungsmethoden ersetzen keinesfalls eine \u00c4rztliche Untersuchung oder Behandlung. K\u00f6nnen aber sehr gut als zus\u00e4tzliche Unterst\u00fctzung eingesetzt werden.<\/p>\n\n\n\n<p>Bei Alternativen Ganzheitlichen Behandlungsmethoden wird keine Untersuchung vorgenommen, keine Diagnose gestellt, und kein Arzneimittel verabreicht. Dies ist allein die Sache des Arztes oder Heilpraktikers.  Jede Erkrankung geh\u00f6rt als erstes in die Hand des Arztes oder  Heilpraktikers. Es k\u00f6nnen Alternative Ganzheitliche Behandlungsmethoden begleitend eingesetzt werden.<br>Bitte informieren Sie Ihren Arzt oder Heilpraktiker dar\u00fcber, dass Sie<br>Alternative Ganzheitliche Behandlungsmethoden einsetzen. Sonst ist er unter Umst\u00e4nden irritiert und verwundert dar\u00fcber, das die Heilung so schnell einsetzt. Alternative Ganzheitliche Behandlungsmethoden k\u00f6nnen auch so  zwischendurch ein wunderbares Geschenk an sich selbst sein, ohne das ein Leiden oder Unwohlsein vor der Behandlung unbedingt vorhanden ist.<\/p>\n\n\n\n<p>Behandelt werden keine Krankheiten, Schmerzen oder Symptome, sondern immer die Menschen als Einheit. Durch St\u00e4rkung der Selbstheilungskr\u00e4fte<br>ist der Weg frei und offen zu mehr Lebensqualit\u00e4t.  Mit der Aush\u00e4ndigung nehme ich diese Hinweise zur Kenntnis. <\/p>\n","protected":false},"excerpt":{"rendered":"<p>Ein Beratungs- oder Behandlungstermin dauert durchschnittlich 60 Min.Beratung und Behandlung in Kombination ca. 90 Min.Die 1. Stunde wird voll und jeder weitere Zeitaufwand anteilm\u00e4ssig berechnet. Es gilt die Barzahlung am vereinbarten Termin.Telefonische Beratungen | Fernbehandlung: Vorauskasse.Sobald die \u00dcberweisung auf unserem Konto oder per Post eingegangen ist, vereinbaren wir den Termin.Bankverbindung (\u00fcber Mail) f\u00fcr die Vorab-\u00dcberweisung [&hellip;]<\/p>\n","protected":false},"author":7,"featured_media":0,"parent":0,"menu_order":0,"comment_status":"closed","ping_status":"closed","template":"templates\/template-page-full-width.php","meta":{"footnotes":""},"class_list":["post-1953","page","type-page","status-publish","hentry"],"_links":{"self":[{"href":"https:\/\/avatara-healing.com\/es\/wp-json\/wp\/v2\/pages\/1953","targetHints":{"allow":["GET"]}}],"collection":[{"href":"https:\/\/avatara-healing.com\/es\/wp-json\/wp\/v2\/pages"}],"about":[{"href":"https:\/\/avatara-healing.com\/es\/wp-json\/wp\/v2\/types\/page"}],"author":[{"embeddable":true,"href":"https:\/\/avatara-healing.com\/es\/wp-json\/wp\/v2\/users\/7"}],"replies":[{"embeddable":true,"href":"https:\/\/avatara-healing.com\/es\/wp-json\/wp\/v2\/comments?post=1953"}],"version-history":[{"count":7,"href":"https:\/\/avatara-healing.com\/es\/wp-json\/wp\/v2\/pages\/1953\/revisions"}],"predecessor-version":[{"id":1961,"href":"https:\/\/avatara-healing.com\/es\/wp-json\/wp\/v2\/pages\/1953\/revisions\/1961"}],"wp:attachment":[{"href":"https:\/\/avatara-healing.com\/es\/wp-json\/wp\/v2\/media?parent=1953"}],"curies":[{"name":"wp","href":"https:\/\/api.w.org\/{rel}","templated":true}]}}