{"id":1185,"date":"2016-01-08T06:45:07","date_gmt":"2016-01-08T04:45:07","guid":{"rendered":"http:\/\/avatara-healing.com\/?page_id=1185"},"modified":"2021-02-03T13:33:14","modified_gmt":"2021-02-03T11:33:14","slug":"terminkalender","status":"publish","type":"page","link":"https:\/\/avatara-healing.com\/es\/terminkalender\/","title":{"rendered":"Calendario"},"content":{"rendered":"<h3 style=\"text-align: center;\"> Su curaci\u00f3n mental en el d\u00eda del tratamiento<\/h3>\n<p style=\"text-align: center;\">Conferencia e introducci\u00f3n, determinaci\u00f3n del tema individual<\/p>\n<p style=\"text-align: center;\">Tratamiento individual teniendo en cuenta el tema y el problema del caso individual.<\/p>\n<p style=\"text-align: center;\">Alquimia mental con eliminaci\u00f3n de metales pesados<\/p>\n<p style=\"text-align: center;\">Activaci\u00f3n del poder de curaci\u00f3n y c\u00f3digo de curaci\u00f3n espiritual<\/p>\n<p style=\"text-align: center;\">Conexi\u00f3n de energ\u00eda y reuni\u00f3n final.<\/p>\n<h3 style=\"text-align: center;\">\n\n<hr>\n<p style=\"text-align: center;\"><iframe loading=\"lazy\" style=\"border: 0;\" src=\"https:\/\/calendar.google.com\/calendar\/embed?src=9kuiaimpqb76ba9rnb21tc7gj0%40group.calendar.google.com&amp;ctz=Europe%2FMadrid\" width=\"800\" height=\"600\" frameborder=\"0\" scrolling=\"no\"><\/iframe><\/p>\n<p style=\"text-align: center;\">\n<hr>\n<h6 style=\"text-align: center;\"><strong>El tiempo necesario para la presentaci\u00f3n y la puesta a punto, incluido el tratamiento individual posterior, dura entre 1 y 2 horas, pero a veces m\u00e1s. Sus acompa\u00f1antes son muy bienvenidos .<\/strong><\/h6>\n<h6 style=\"text-align: center;\"><\/h6>\n<hr>\n<p style=\"text-align: center;\">\n<h6 style=\"text-align: center;\"> Por favor, solicite las fechas por correo electr\u00f3nico a: <span style=\"color: #ef6a01;\"><a style=\"color: #ef6a01;\" href=\"mailto:info@avatara-healing.com\">info@avatara-healing.com<\/a><\/span> an<br \/>\no por tel\u00e9fono en el <span style=\"color: #ef6a01;\">+34&nbsp;626 331 261<\/span><\/h6>\n<h6 style=\"text-align: center;\"><\/span><\/h6>\n<h6 style=\"text-align: center;\"><\/h6>","protected":false},"excerpt":{"rendered":"<p>Su curaci\u00f3n mental en el d\u00eda del tratamiento Conferencia e introducci\u00f3n, determinaci\u00f3n del tema individual Tratamiento individual teniendo en cuenta el tema y el problema del caso individual. Alquimia mental con eliminaci\u00f3n de metales pesados Activaci\u00f3n del poder de curaci\u00f3n y c\u00f3digo de curaci\u00f3n espiritual Conexi\u00f3n de energ\u00eda y reuni\u00f3n final. El tiempo necesario para [&hellip;]<\/p>\n","protected":false},"author":6,"featured_media":0,"parent":0,"menu_order":0,"comment_status":"closed","ping_status":"closed","template":"templates\/template-page-full-width.php","meta":{"footnotes":""},"class_list":["post-1185","page","type-page","status-publish","hentry"],"_links":{"self":[{"href":"https:\/\/avatara-healing.com\/es\/wp-json\/wp\/v2\/pages\/1185","targetHints":{"allow":["GET"]}}],"collection":[{"href":"https:\/\/avatara-healing.com\/es\/wp-json\/wp\/v2\/pages"}],"about":[{"href":"https:\/\/avatara-healing.com\/es\/wp-json\/wp\/v2\/types\/page"}],"author":[{"embeddable":true,"href":"https:\/\/avatara-healing.com\/es\/wp-json\/wp\/v2\/users\/6"}],"replies":[{"embeddable":true,"href":"https:\/\/avatara-healing.com\/es\/wp-json\/wp\/v2\/comments?post=1185"}],"version-history":[{"count":64,"href":"https:\/\/avatara-healing.com\/es\/wp-json\/wp\/v2\/pages\/1185\/revisions"}],"predecessor-version":[{"id":2736,"href":"https:\/\/avatara-healing.com\/es\/wp-json\/wp\/v2\/pages\/1185\/revisions\/2736"}],"wp:attachment":[{"href":"https:\/\/avatara-healing.com\/es\/wp-json\/wp\/v2\/media?parent=1185"}],"curies":[{"name":"wp","href":"https:\/\/api.w.org\/{rel}","templated":true}]}}