{"id":1771,"date":"2019-10-26T22:55:40","date_gmt":"2019-10-26T20:55:40","guid":{"rendered":"https:\/\/avatara-healing.com\/?page_id=1771"},"modified":"2021-02-03T13:35:42","modified_gmt":"2021-02-03T11:35:42","slug":"rechtlicher-hinweis","status":"publish","type":"page","link":"https:\/\/avatara-healing.com\/en\/rechtlicher-hinweis\/","title":{"rendered":"Rechtlicher Hinweis"},"content":{"rendered":"<p><span style=\"color: #000000;\">RECHTLICHER HINWEIS:<\/span><\/p>\n<div class=\"textwidget\">\n<p align=\"LEFT\"><span style=\"color: #000000; font-family: Verdana;\">(I) Der Heiler ist weder Arzt noch Heilpraktiker. Geistige Heilung ist keine Arbeit im \u00e4rztlichen Sinne, sondern ein spiritueller Vorgang. Von Seiten des Geistheilers werden keine Heilversprechen gegeben oder Diagnosen gestellt. Die geistige Heilung ersetzt deshalb eine \u00e4rztliche Behandlung bei geistiger oder k\u00f6rperlicher Erkrankung oder dem Verdacht auf eine solche nicht. Die Teilnahme erfolgt freiwillig.<\/span><\/p>\n<p align=\"LEFT\"><span style=\"color: #000000; font-family: Verdana;\">(Ia) Alle angebotenen Leistungen, Beratungen, energetische Aufrichtung, Meditationen, Einweihungen usw. stellen keine medizinische, psychiatrische oder psychologische Behandlung dar und sind keine Therapie.<\/span><\/p>\n<p align=\"LEFT\"><span style=\"color: #000000; font-family: Verdana;\">(Ib) Heilung ist gleichbedeutend mit dem Einssein mit den universellen Kr\u00e4ften und Gesetzen. Heilung erfolgt ausschliesslich durch die g\u00f6ttliche Liebe und eine Bewusstseinsver\u00e4nderung. Dazu kann der Heiler die erforderliche Lichtinformation der allumfassenden Heilung aktivieren.<\/span><\/p>\n<p align=\"LEFT\"><span style=\"color: #000000; font-family: Verdana;\">(II) Vertragsabschluss: Der Vertrag , die Behandlung vor Ort oder als Fernbehandlung, kommt erst zustande, wenn die Terminbest\u00e4tigung unsererseits schriftlich erfolgt ist.<\/span><\/p>\n<p align=\"LEFT\"><span style=\"color: #000000; font-family: Verdana;\">(III) Es besteht ein Haftungsausschluss gem\u00e4\u00df unserer AGB.<\/span><\/p>\n<p><span style=\"color: #333333;\"><strong>Inhalt des Onlineangebotes<\/strong><\/span><br \/>\n<span style=\"color: #333333;\">Der Autor \u00fcbernimmt keinerlei Gew\u00e4hr f\u00fcr die Aktualit\u00e4t, Korrektheit, Vollst\u00e4ndigkeit oder Qualit\u00e4t der bereitgestellten Informationen. Haftungsanspr\u00fcche gegen den Autor, welche sich auf Sch\u00e4den materieller oder ideeller Art beziehen, die durch die Nutzung oder Nichtnutzung der dargebotenen Informationen bzw. durch die Nutzung fehlerhafter und unvollst\u00e4ndiger Informationen verursacht wurden, sind grunds\u00e4tzlich ausgeschlossen, sofern seitens des Autors kein nachweislich vors\u00e4tzliches oder grob fahrl\u00e4ssiges Verschulden vorliegt.<\/span><\/p>\n<p><span style=\"color: #333333;\">Alle Angebote sind freibleibend und unverbindlich. Der Autor beh\u00e4lt es sich ausdr\u00fccklich vor, Teile der Seiten oder das gesamte Angebot ohne gesonderte Ank\u00fcndigung zu ver\u00e4ndern, zu erg\u00e4nzen, zu l\u00f6schen oder die Ver\u00f6ffentlichung zeitweise oder endg\u00fcltig einzustellen.<\/span><\/p>\n<p><span style=\"color: #333333;\"><strong>Verweise und Links<\/strong><\/span><br \/>\n<span style=\"color: #333333;\">Bei direkten oder indirekten Verweisen auf fremde Webseiten (&#8220;Hyperlinks&#8221;), die au\u00dferhalb des Verantwortungsbereiches des Autors liegen, w\u00fcrde eine Haftungsverpflichtung ausschlie\u00dflich in dem Fall in Kraft treten, in dem der Autor von den Inhalten Kenntnis hat und es ihm technisch m\u00f6glich und zumutbar w\u00e4re, die Nutzung im Falle rechtswidriger Inhalte zu verhindern.<\/span><\/p>\n<p><span style=\"color: #333333;\">Der Autor erkl\u00e4rt hiermit ausdr\u00fccklich, dass zum Zeitpunkt der Linksetzung keine illegalen Inhalte auf den zu verlinkenden Seiten erkennbar waren. Auf die aktuelle und zuk\u00fcnftige Gestaltung, die Inhalte oder die Urheberschaft der verlinkten oder verkn\u00fcpften Seiten hat der Autor keinerlei Einfluss. Deshalb distanziert er sich hiermit ausdr\u00fccklich von allen Inhalten aller verlinkten \/verkn\u00fcpften Seiten, die nach der Linksetzung ver\u00e4ndert wurden.<\/span><\/p>\n<p><span style=\"color: #333333;\">Diese Feststellung gilt f\u00fcr alle innerhalb des eigenen Internetangebotes gesetzten Links und Verweise sowie f\u00fcr Fremdeintr\u00e4ge in vom Autor eingerichteten G\u00e4steb\u00fcchern, Diskussionsforen, Linkverzeichnissen, Mailinglisten und in allen anderen Formen von Datenbanken, auf deren Inhalt externe Schreibzugriffe m\u00f6glich sind. F\u00fcr illegale, fehlerhafte oder unvollst\u00e4ndige Inhalte und insbesondere f\u00fcr Sch\u00e4den, die aus der Nutzung oder Nichtnutzung solcherart dargebotener Informationen entstehen, haftet allein der Anbieter der Seite, auf welche verwiesen wurde, nicht derjenige, der \u00fcber Links auf die jeweilige Ver\u00f6ffentlichung lediglich verweist.<\/span><\/p>\n<p><span style=\"color: #333333;\"><strong>Urheber- und Kennzeichenrecht<\/strong><\/span><br \/>\n<span style=\"color: #333333;\">Der Autor ist bestrebt, in allen Publikationen die Urheberrechte der verwendeten Bilder, Grafiken, Tondokumente, Videosequenzen und Texte zu beachten, von ihm selbst erstellte Bilder, Grafiken, Tondokumente, Videosequenzen und Texte zu nutzen oder auf lizenzfreie Grafiken, Tondokumente, Videosequenzen und Texte zur\u00fcckzugreifen. Alle innerhalb des Internetangebotes genannten und ggf. durch Dritte gesch\u00fctzten Marken- und Warenzeichen unterliegen uneingeschr\u00e4nkt den Bestimmungen des jeweils g\u00fcltigen Kennzeichenrechts und den Besitzrechten der jeweiligen eingetragenen Eigent\u00fcmer. Das Copyright f\u00fcr ver\u00f6ffentlichte, vom Autor selbst erstellte Objekte bleibt allein beim Autor der Seiten. Eine Vervielf\u00e4ltigung oder Verwendung solcher Grafiken, Tondokumente, Videosequenzen und Texte in anderen elektronischen oder gedruckten Publikationen ist ohne ausdr\u00fcckliche Zustimmung des Autors nicht gestattet.<\/span><\/p>\n<p><span style=\"color: #333333;\"><strong>Rechtswirksamkeit dieses Haftungsausschlusses<\/strong><\/span><br \/>\n<span style=\"color: #333333;\">Dieser Haftungsausschluss ist als Teil des Internetangebotes zu betrachten, von dem aus auf diese Seite verwiesen wurde. Sofern Teile oder einzelne Formulierungen dieses Textes der geltenden Rechtslage nicht, nicht mehr oder nicht vollst\u00e4ndig entsprechen sollten, bleiben die \u00fcbrigen Teile des Dokumentes in ihrem Inhalt und ihrer G\u00fcltigkeit davon unber\u00fchrt.<\/span><\/p>\n<\/div>\n","protected":false},"excerpt":{"rendered":"<p>RECHTLICHER HINWEIS: (I) Der Heiler ist weder Arzt noch Heilpraktiker. Geistige Heilung ist keine Arbeit im \u00e4rztlichen Sinne, sondern ein spiritueller Vorgang. Von Seiten des Geistheilers werden keine Heilversprechen gegeben oder Diagnosen gestellt. Die geistige Heilung ersetzt deshalb eine \u00e4rztliche Behandlung bei geistiger oder k\u00f6rperlicher Erkrankung oder dem Verdacht auf eine solche nicht. Die Teilnahme [&hellip;]<\/p>\n","protected":false},"author":7,"featured_media":0,"parent":0,"menu_order":0,"comment_status":"closed","ping_status":"closed","template":"templates\/template-page-full-width.php","meta":{"footnotes":""},"class_list":["post-1771","page","type-page","status-publish","hentry"],"_links":{"self":[{"href":"https:\/\/avatara-healing.com\/en\/wp-json\/wp\/v2\/pages\/1771","targetHints":{"allow":["GET"]}}],"collection":[{"href":"https:\/\/avatara-healing.com\/en\/wp-json\/wp\/v2\/pages"}],"about":[{"href":"https:\/\/avatara-healing.com\/en\/wp-json\/wp\/v2\/types\/page"}],"author":[{"embeddable":true,"href":"https:\/\/avatara-healing.com\/en\/wp-json\/wp\/v2\/users\/7"}],"replies":[{"embeddable":true,"href":"https:\/\/avatara-healing.com\/en\/wp-json\/wp\/v2\/comments?post=1771"}],"version-history":[{"count":2,"href":"https:\/\/avatara-healing.com\/en\/wp-json\/wp\/v2\/pages\/1771\/revisions"}],"predecessor-version":[{"id":1952,"href":"https:\/\/avatara-healing.com\/en\/wp-json\/wp\/v2\/pages\/1771\/revisions\/1952"}],"wp:attachment":[{"href":"https:\/\/avatara-healing.com\/en\/wp-json\/wp\/v2\/media?parent=1771"}],"curies":[{"name":"wp","href":"https:\/\/api.w.org\/{rel}","templated":true}]}}